{"id":1415,"date":"2021-12-04T13:15:38","date_gmt":"2021-12-04T12:15:38","guid":{"rendered":"https:\/\/mrva.si\/praxisfelder\/"},"modified":"2021-12-04T23:41:55","modified_gmt":"2021-12-04T22:41:55","slug":"praxisfelder","status":"publish","type":"page","link":"https:\/\/mrva.si\/de\/praxisfelder\/","title":{"rendered":"Praxisfelder"},"content":{"rendered":"<div id=\"tdi_1\" class=\"tdc-zone\"><div class=\"tdc_zone tdi_2  wpb_row td-pb-row\"  >\n<style scoped>\n\/* custom css - generated by TagDiv Composer *\/\n\n\/* custom css - generated by TagDiv Composer *\/\n.tdi_2{\r\n                    min-height: 0;\r\n                }\n<\/style><div id=\"tdi_3\" class=\"tdc-row\"><div class=\"vc_row tdi_4  wpb_row td-pb-row\" >\n<style scoped>\n\/* custom css - generated by TagDiv Composer *\/\n\n\/* custom css - generated by TagDiv Composer *\/\n.tdi_4,\r\n                .tdi_4 .tdc-columns{\r\n                    min-height: 0;\r\n                }.tdi_4,\r\n\t\t\t\t.tdi_4 .tdc-columns{\r\n\t\t\t\t    display: block;\r\n\t\t\t\t}.tdi_4 .tdc-columns{\r\n\t\t\t\t    width: 100%;\r\n\t\t\t\t}.tdi_4:before,\r\n\t\t\t\t.tdi_4:after{\r\n\t\t\t\t    display: table;\r\n\t\t\t\t}\n\/* inline tdc_css att - generated by TagDiv Composer *\/\n\n.tdi_4{\npadding-right:40px !important;\npadding-left:40px !important;\n}\n\n.tdi_4 .td_block_wrap{ text-align:left }\n\n\/* phone *\/\n@media (max-width: 767px)\n{\n.tdi_4{\npadding-right:0px !important;\npadding-left:0px !important;\n}\n}\n\n<\/style><div class=\"vc_column tdi_6  wpb_column vc_column_container tdc-column td-pb-span12\">\n<style scoped>\n\/* custom css - generated by TagDiv Composer *\/\n\n\/* custom css - generated by TagDiv Composer *\/\n.tdi_6{\r\n                    vertical-align: baseline;\r\n                }.tdi_6 > .wpb_wrapper,\r\n\t\t\t\t.tdi_6 > .wpb_wrapper > .tdc-elements{\r\n\t\t\t\t    display: block;\r\n\t\t\t\t}.tdi_6 > .wpb_wrapper > .tdc-elements{\r\n\t\t\t\t    width: 100%;\r\n\t\t\t\t}.tdi_6 > .wpb_wrapper > .vc_row_inner{\r\n\t\t\t\t    width: auto;\r\n\t\t\t\t}.tdi_6 > .wpb_wrapper{\r\n\t\t\t\t    width: auto;\r\n\t\t\t\t    height: auto;\r\n\t\t\t\t}\n<\/style><div class=\"wpb_wrapper\" ><div class=\"wpb_wrapper wpb_text_column td_block_wrap td_block_wrap vc_column_text tdi_7  tagdiv-type td-pb-border-top td_block_template_10\"  data-td-block-uid=\"tdi_7\" >\n<style>\n\n\/* inline tdc_css att - generated by TagDiv Composer *\/\n\n.tdi_7{\nmargin-top:80px !important;\nmargin-bottom:50px !important;\n}\n\n\/* portrait *\/\n@media (min-width: 768px) and (max-width: 1018px)\n{\n.tdi_7{\nmargin-top:40px !important;\nmargin-bottom:40px !important;\n}\n}\n\n\/* phone *\/\n@media (max-width: 767px)\n{\n.tdi_7{\nmargin-top:10px !important;\nmargin-bottom:35px !important;\n}\n}\n\n<\/style>\n<style>\n\/* custom css - generated by TagDiv Composer *\/\n.vc_column_text > .td-element-style{\r\n\t\t\t\t\tz-index: -1;\r\n\t\t\t\t}.tdi_7 h1{\r\n\t\t\t        letter-spacing:0.03em !important;\r\n\t\t        }.tdi_7 h1,\r\n\t\t\t\t.tdi_7 h2,\r\n\t\t\t\t.tdi_7 h3,\r\n\t\t\t\t.tdi_7 h4,\r\n\t\t\t\t.tdi_7 h5,\r\n\t\t\t\t.tdi_7 h6{\r\n\t\t\t        color: #988a73;\r\n\t\t        }\n\n\/* portrait *\/\n@media (min-width: 768px) and (max-width: 1018px){\n.tdi_7 h1{\r\n\t\t\t        font-size:45px !important;line-height:55px !important;\r\n\t\t        }\n}\n\n\/* phone *\/\n@media (max-width: 767px){\n.tdi_7 h1{\r\n\t\t\t        font-size:45px !important;line-height:55px !important;\r\n\t\t        }\n}\n<\/style><div class=\"td-fix-index\"><h1>Praxisfelder<\/h1>\n<\/div><\/div><\/div><\/div><\/div><\/div><div id=\"tdi_8\" class=\"tdc-row\"><div class=\"vc_row tdi_9  wpb_row td-pb-row\" >\n<style scoped>\n\/* custom css - generated by TagDiv Composer *\/\n\n\/* custom css - generated by TagDiv Composer *\/\n.tdi_9,\r\n                .tdi_9 .tdc-columns{\r\n                    min-height: 0;\r\n                }.tdi_9,\r\n\t\t\t\t.tdi_9 .tdc-columns{\r\n\t\t\t\t    display: block;\r\n\t\t\t\t}.tdi_9 .tdc-columns{\r\n\t\t\t\t    width: 100%;\r\n\t\t\t\t}.tdi_9:before,\r\n\t\t\t\t.tdi_9:after{\r\n\t\t\t\t    display: table;\r\n\t\t\t\t}\n\/* inline tdc_css att - generated by TagDiv Composer *\/\n\n.tdi_9{\npadding-right:40px !important;\npadding-left:40px !important;\n}\n\n.tdi_9 .td_block_wrap{ text-align:left }\n\n\/* phone *\/\n@media (max-width: 767px)\n{\n.tdi_9{\npadding-right:0px !important;\npadding-left:0px !important;\n}\n}\n\n<\/style><div class=\"vc_column tdi_11  wpb_column vc_column_container tdc-column td-pb-span12\">\n<style scoped>\n\/* custom css - generated by TagDiv Composer *\/\n\n\/* custom css - generated by TagDiv Composer *\/\n.tdi_11{\r\n                    vertical-align: baseline;\r\n                }.tdi_11 > .wpb_wrapper,\r\n\t\t\t\t.tdi_11 > .wpb_wrapper > .tdc-elements{\r\n\t\t\t\t    display: block;\r\n\t\t\t\t}.tdi_11 > .wpb_wrapper > .tdc-elements{\r\n\t\t\t\t    width: 100%;\r\n\t\t\t\t}.tdi_11 > .wpb_wrapper > .vc_row_inner{\r\n\t\t\t\t    width: auto;\r\n\t\t\t\t}.tdi_11 > .wpb_wrapper{\r\n\t\t\t\t    width: auto;\r\n\t\t\t\t    height: auto;\r\n\t\t\t\t}\n<\/style><div class=\"wpb_wrapper\" ><div class=\"wpb_wrapper wpb_text_column td_block_wrap td_block_wrap vc_column_text tdi_12  tagdiv-type td-pb-border-top td_block_template_10\"  data-td-block-uid=\"tdi_12\" >\n<style>\n\n\/* inline tdc_css att - generated by TagDiv Composer *\/\n\n.tdi_12{\nmargin-bottom:0px !important;\n}\n\n\/* portrait *\/\n@media (min-width: 768px) and (max-width: 1018px)\n{\n.tdi_12{\nmargin-bottom:0px !important;\n}\n}\n\n<\/style>\n<style>\n\/* custom css - generated by TagDiv Composer *\/\n.tdi_12 h4{\r\n\t\t\t        letter-spacing:0.03em !important;\r\n\t\t        }.tdi_12 h1,\r\n\t\t\t\t.tdi_12 h2,\r\n\t\t\t\t.tdi_12 h3,\r\n\t\t\t\t.tdi_12 h4,\r\n\t\t\t\t.tdi_12 h5,\r\n\t\t\t\t.tdi_12 h6{\r\n\t\t\t        color: #002b4f;\r\n\t\t        }\n<\/style><div class=\"td-fix-index\"><h4>Wirtschaftsrecht<\/h4>\n<\/div><\/div><div class=\"wpb_wrapper wpb_text_column td_block_wrap td_block_wrap vc_column_text tdi_13  tagdiv-type td-pb-border-top td_block_template_10\"  data-td-block-uid=\"tdi_13\" >\n<style>\n\n\/* inline tdc_css att - generated by TagDiv Composer *\/\n\n.tdi_13{\nmargin-top:30px !important;\nmargin-bottom:0px !important;\n}\n\n\/* portrait *\/\n@media (min-width: 768px) and (max-width: 1018px)\n{\n.tdi_13{\nmargin-bottom:0px !important;\n}\n}\n\n\/* phone *\/\n@media (max-width: 767px)\n{\n.tdi_13{\nmargin-top:20px !important;\n}\n}\n\n<\/style>\n<style>\n\/* custom css - generated by TagDiv Composer *\/\n.tdi_13,\r\n                .tdi_13 p{\r\n\t\t\t        letter-spacing:0.03em !important;\r\n\t\t        }.tdi_13{\r\n\t\t\t        color: #002b4f;\r\n\t\t        }\n\n\/* phone *\/\n@media (max-width: 767px){\n.tdi_13 h5{\r\n\t\t\t        font-size:17px !important;line-height:27px !important;\r\n\t\t        }\n}\n<\/style><div class=\"td-fix-index\"><p>Das Wirtschaftsrecht ist das Kerngesch\u00e4ft unserer Anwaltskanzlei. Wir entwerfen alle Arten von Vertr\u00e4gen, interne Rechtsakte, allgemeine Gesch\u00e4ftsbedingungen, regeln statusrechtliche Fragen, erstellen Management- und Arbeitsvertr\u00e4ge und andere Dokumente.<\/p>\n<p>Durch unsere langj\u00e4hrige Beratung von Unternehmen in verschiedenen Wirtschaftszweigen haben wir Einblick in die Besonderheiten der jeweiligen Branche. Die Zusammenarbeit mit der slowenischen Industrie- und Handelskammer, der AmCham und anderen Kammern, dem Managerverband, internationalen Anwaltskanzleien und der wirtschaftlichen Berufsausbildung erm\u00f6glicht es uns, den Zustand der Wirtschaft in Slowenien und im Ausland zu beobachten.<\/p>\n<\/div><\/div><div class=\"wpb_wrapper wpb_text_column td_block_wrap td_block_wrap vc_column_text tdi_14  tagdiv-type td-pb-border-top td_block_template_10\"  data-td-block-uid=\"tdi_14\" >\n<style>\n\n\/* inline tdc_css att - generated by TagDiv Composer *\/\n\n.tdi_14{\nmargin-top:35px !important;\n}\n\n\/* portrait *\/\n@media (min-width: 768px) and (max-width: 1018px)\n{\n.tdi_14{\nmargin-bottom:0px !important;\n}\n}\n\n\/* phone *\/\n@media (max-width: 767px)\n{\n.tdi_14{\nmargin-top:20px !important;\n}\n}\n\n<\/style>\n<style>\n\/* custom css - generated by TagDiv Composer *\/\n.tdi_14 h6{\r\n\t\t\t        letter-spacing:0.03em !important;\r\n\t\t        }.tdi_14 a{\r\n\t\t\t        color: #aa9981;\r\n\t\t        }.tdi_14 a:hover{\r\n\t\t\t        color: #aa9981;\r\n\t\t        }\n<\/style><div class=\"td-fix-index\"><h6><a href=\"https:\/\/mrva.si\/de\/praxisfelder\/handelsvertraege\/\">Handelsvertr\u00e4ge<\/a><\/h6>\n<h6><a href=\"https:\/\/mrva.si\/de\/praxisfelder\/einhaltung\/\">Einhaltung<\/a><\/h6>\n<h6><a href=\"https:\/\/mrva.si\/de\/praxisfelder\/eintritt-in-den-slowenischen-markt\/\">Eintritt in den slowenischen Markt<\/a><\/h6>\n<\/div><\/div><div class=\"wpb_wrapper wpb_text_column td_block_wrap td_block_wrap vc_column_text tdi_15  tagdiv-type td-pb-border-top td_block_template_10\"  data-td-block-uid=\"tdi_15\" >\n<style>\n\n\/* inline tdc_css att - generated by TagDiv Composer *\/\n\n.tdi_15{\nmargin-top:90px !important;\nmargin-bottom:0px !important;\n}\n\n\/* portrait *\/\n@media (min-width: 768px) and (max-width: 1018px)\n{\n.tdi_15{\nmargin-top:80px !important;\nmargin-bottom:0px !important;\n}\n}\n\n\/* phone *\/\n@media (max-width: 767px)\n{\n.tdi_15{\nmargin-top:70px !important;\n}\n}\n\n<\/style>\n<style>\n\/* custom css - generated by TagDiv Composer *\/\n.tdi_15 h4{\r\n\t\t\t        letter-spacing:0.03em !important;\r\n\t\t        }.tdi_15 h1,\r\n\t\t\t\t.tdi_15 h2,\r\n\t\t\t\t.tdi_15 h3,\r\n\t\t\t\t.tdi_15 h4,\r\n\t\t\t\t.tdi_15 h5,\r\n\t\t\t\t.tdi_15 h6{\r\n\t\t\t        color: #002b4f;\r\n\t\t        }\n<\/style><div class=\"td-fix-index\"><h4>Immobilien<\/h4>\n<\/div><\/div><div class=\"wpb_wrapper wpb_text_column td_block_wrap td_block_wrap vc_column_text tdi_16  tagdiv-type td-pb-border-top td_block_template_10\"  data-td-block-uid=\"tdi_16\" >\n<style>\n\n\/* inline tdc_css att - generated by TagDiv Composer *\/\n\n.tdi_16{\nmargin-top:30px !important;\nmargin-bottom:0px !important;\n}\n\n\/* portrait *\/\n@media (min-width: 768px) and (max-width: 1018px)\n{\n.tdi_16{\nmargin-bottom:0px !important;\n}\n}\n\n\/* phone *\/\n@media (max-width: 767px)\n{\n.tdi_16{\nmargin-top:20px !important;\n}\n}\n\n<\/style>\n<style>\n\/* custom css - generated by TagDiv Composer *\/\n.tdi_16,\r\n                .tdi_16 p{\r\n\t\t\t        letter-spacing:0.03em !important;\r\n\t\t        }.tdi_16{\r\n\t\t\t        color: #002b4f;\r\n\t\t        }\n<\/style><div class=\"td-fix-index\"><p>Der Immobilienmarkt ist anspruchsvoll und wettbewerbsintensiv. Wir beraten und vertreten Privatpersonen, Immobilienmakler und andere Unternehmen in allen Bereichen des Immobilienrechts und der Prozessf\u00fchrung. Wir wickeln f\u00fcr unsere Mandanten Immobilientransaktionen sicher, schnell und ohne unn\u00f6tige Kosten ab. Wir nehmen an internationalen Gewerbeimmobilien-Messen im In- und Ausland teil.<\/p>\n<\/div><\/div><div class=\"wpb_wrapper wpb_text_column td_block_wrap td_block_wrap vc_column_text tdi_17  tagdiv-type td-pb-border-top td_block_template_10\"  data-td-block-uid=\"tdi_17\" >\n<style>\n\n\/* inline tdc_css att - generated by TagDiv Composer *\/\n\n.tdi_17{\nmargin-top:35px !important;\nmargin-bottom:120px !important;\n}\n\n\/* portrait *\/\n@media (min-width: 768px) and (max-width: 1018px)\n{\n.tdi_17{\nmargin-bottom:90px !important;\n}\n}\n\n\/* phone *\/\n@media (max-width: 767px)\n{\n.tdi_17{\nmargin-top:20px !important;\nmargin-bottom:80px !important;\n}\n}\n\n<\/style>\n<style>\n\/* custom css - generated by TagDiv Composer *\/\n.tdi_17 h6{\r\n\t\t\t        letter-spacing:0.03em !important;\r\n\t\t        }.tdi_17 a{\r\n\t\t\t        color: #aa9981;\r\n\t\t        }.tdi_17 a:hover{\r\n\t\t\t        color: #aa9981;\r\n\t\t        }\n<\/style><div class=\"td-fix-index\"><h6><a href=\"https:\/\/mrva.si\/de\/praxisfelder\/immobilien-vertraege\/\">Immobilien-Vertr\u00e4ge<\/a><\/h6>\n<h6><a href=\"https:\/\/mrva.si\/de\/praxisfelder\/immobilienentwicklung\/\">Immobilienentwicklung<\/a><\/h6>\n<h6><a href=\"https:\/\/mrva.si\/de\/praxisfelder\/steuern\/\">Steuern<\/a><\/h6>\n<\/div><\/div><\/div><\/div><\/div><\/div><\/div><\/div>","protected":false},"excerpt":{"rendered":"","protected":false},"author":1,"featured_media":0,"parent":0,"menu_order":0,"comment_status":"closed","ping_status":"closed","template":"","meta":{"footnotes":""},"class_list":["post-1415","page","type-page","status-publish"],"_links":{"self":[{"href":"https:\/\/mrva.si\/de\/wp-json\/wp\/v2\/pages\/1415","targetHints":{"allow":["GET"]}}],"collection":[{"href":"https:\/\/mrva.si\/de\/wp-json\/wp\/v2\/pages"}],"about":[{"href":"https:\/\/mrva.si\/de\/wp-json\/wp\/v2\/types\/page"}],"author":[{"embeddable":true,"href":"https:\/\/mrva.si\/de\/wp-json\/wp\/v2\/users\/1"}],"replies":[{"embeddable":true,"href":"https:\/\/mrva.si\/de\/wp-json\/wp\/v2\/comments?post=1415"}],"version-history":[{"count":3,"href":"https:\/\/mrva.si\/de\/wp-json\/wp\/v2\/pages\/1415\/revisions"}],"predecessor-version":[{"id":1465,"href":"https:\/\/mrva.si\/de\/wp-json\/wp\/v2\/pages\/1415\/revisions\/1465"}],"wp:attachment":[{"href":"https:\/\/mrva.si\/de\/wp-json\/wp\/v2\/media?parent=1415"}],"curies":[{"name":"wp","href":"https:\/\/api.w.org\/{rel}","templated":true}]}}