{"id":1429,"date":"2021-12-04T13:47:00","date_gmt":"2021-12-04T12:47:00","guid":{"rendered":"https:\/\/mrva.si\/co-operators\/lana-katarina-gotvan\/"},"modified":"2021-12-04T14:11:20","modified_gmt":"2021-12-04T13:11:20","slug":"lana-katarina-gotvan","status":"publish","type":"page","link":"https:\/\/mrva.si\/de\/co-operators\/lana-katarina-gotvan\/","title":{"rendered":"Lana Katarina Gotvan"},"content":{"rendered":"<div id=\"tdi_1\" class=\"tdc-zone\"><div class=\"tdc_zone tdi_2  wpb_row td-pb-row\"  >\n<style scoped>\n\/* custom css - generated by TagDiv Composer *\/\n\n\/* custom css - generated by TagDiv Composer *\/\n.tdi_2{\r\n                    min-height: 0;\r\n                }\n<\/style><div id=\"tdi_3\" class=\"tdc-row stretch_row_1400 td-stretch-content\"><div class=\"vc_row tdi_4  wpb_row td-pb-row\" >\n<style scoped>\n\/* custom css - generated by TagDiv Composer *\/\n\n\/* custom css - generated by TagDiv Composer *\/\n.tdi_4,\r\n                .tdi_4 .tdc-columns{\r\n                    min-height: 0;\r\n                }.tdi_4,\r\n\t\t\t\t.tdi_4 .tdc-columns{\r\n\t\t\t\t    display: block;\r\n\t\t\t\t}.tdi_4 .tdc-columns{\r\n\t\t\t\t    width: 100%;\r\n\t\t\t\t}.tdi_4:before,\r\n\t\t\t\t.tdi_4:after{\r\n\t\t\t\t    display: table;\r\n\t\t\t\t}\n\/* inline tdc_css att - generated by TagDiv Composer *\/\n\n.tdi_4{\nmargin-top:80px !important;\nmargin-bottom:90px !important;\npadding-right:50px !important;\npadding-left:50px !important;\n}\n\n.tdi_4 .td_block_wrap{ text-align:left }\n\n\/* phone *\/\n@media (max-width: 767px)\n{\n.tdi_4{\nmargin-top:10px !important;\nmargin-bottom:30px !important;\npadding-right:0px !important;\npadding-left:0px !important;\n}\n}\n\n\/* portrait *\/\n@media (min-width: 768px) and (max-width: 1018px)\n{\n.tdi_4{\nmargin-top:40px !important;\nmargin-bottom:30px !important;\npadding-right:40px !important;\npadding-left:40px !important;\n}\n}\n\n<\/style><div class=\"vc_column tdi_6  wpb_column vc_column_container tdc-column td-pb-span6\">\n<style scoped>\n\/* custom css - generated by TagDiv Composer *\/\n\n\/* custom css - generated by TagDiv Composer *\/\n.tdi_6{\r\n                    vertical-align: baseline;\r\n                }.tdi_6 > .wpb_wrapper,\r\n\t\t\t\t.tdi_6 > .wpb_wrapper > .tdc-elements{\r\n\t\t\t\t    display: block;\r\n\t\t\t\t}.tdi_6 > .wpb_wrapper > .tdc-elements{\r\n\t\t\t\t    width: 100%;\r\n\t\t\t\t}.tdi_6 > .wpb_wrapper > .vc_row_inner{\r\n\t\t\t\t    width: auto;\r\n\t\t\t\t}.tdi_6 > .wpb_wrapper{\r\n\t\t\t\t    width: auto;\r\n\t\t\t\t    height: auto;\r\n\t\t\t\t}\n\n\/* portrait *\/\n@media (min-width: 768px) and (max-width: 1018px){\n.tdi_6 > .wpb_wrapper,\r\n\t\t\t\t.tdi_6 > .wpb_wrapper > .tdc-elements{\r\n\t\t\t\t    display: flex;\r\n\t\t\t\t\r\n\t\t\t\t    flex-direction: column;\r\n\t\t\t\t\r\n\t\t\t\t    flex-wrap: nowrap;\r\n\t\t\t\t\r\n\t\t\t\t    justify-content: flex-start;\r\n\t\t\t\t\r\n\t\t\t\t    align-items: flex-start;\r\n\t\t\t\t}.tdi_6 > .wpb_wrapper > .tdc-elements{\r\n\t\t\t\t    width: 100%;\r\n\t\t\t\t}.tdi_6 > .wpb_wrapper > .vc_row_inner{\r\n\t\t\t\t    width: auto;\r\n\t\t\t\t}.tdi_6 > .wpb_wrapper{\r\n\t\t\t\t    width: 100%;\r\n\t\t\t\t    height: 100%;\r\n\t\t\t\t}div.tdi_6{\r\n\t\t\t\t    width: 100% !important;\r\n\t\t\t\t}\n}\n<\/style><div class=\"wpb_wrapper\" ><div class=\"tdm_block td_block_wrap tdm_block_inline_image tdi_7 td-animation-stack tdm-inline-block tdm-content-horiz-left td-pb-border-top td_block_template_10\"  data-td-block-uid=\"tdi_7\" >\n<style>\n\/* custom css - generated by TagDiv Composer *\/\n.tdm_block.tdm_block_inline_image{\r\n                  position: relative;\r\n                  margin-bottom: 0;\r\n                  line-height: 0;\r\n                  overflow: hidden;\r\n                }.tdm_block.tdm_block_inline_image .tdm-inline-image-wrap{\r\n                  position: relative;\r\n                  display: inline-block;\r\n                }.tdm_block.tdm_block_inline_image .td-image-video-modal{\r\n                  cursor: pointer;\r\n                }.tdm_block.tdm_block_inline_image .tdm-caption{\r\n                  width: 100%;\r\n                  font-family: Verdana, BlinkMacSystemFont, -apple-system, \"Segoe UI\", Roboto, Oxygen, Ubuntu, Cantarell, \"Open Sans\", \"Helvetica Neue\", sans-serif;\r\n                  padding-top: 6px;\r\n                  padding-bottom: 6px;\r\n                  font-size: 12px;\r\n                  font-style: italic;\r\n                  font-weight: normal;\r\n                  line-height: 17px;\r\n                  color: #444;\r\n                }.tdm_block.tdm_block_inline_image.tdm-caption-over-image .tdm-caption{\r\n                  position: absolute;\r\n                  left: 0;\r\n                  bottom: 0;\r\n                  margin-top: 0;\r\n                  padding-left: 10px;\r\n                  padding-right: 10px;\r\n                  width: 100%;\r\n                  background: rgba(0, 0, 0, 0.7);\r\n                  color: #fff;\r\n                }.tdi_7 .tdm-inline-image-wrap:hover:before{\r\n                    opacity: 0;\r\n                }.tdi_7 .tdm-image{\r\n\t\t\t\t\tborder-color:  #eaeaea;\r\n\t\t\t\t}\n<\/style><div class=\"tdm-inline-image-wrap \" ><img loading=\"lazy\" decoding=\"async\" class=\"tdm-image td-fix-index td-lazy-img\" src=\"data:image\/png;base64,iVBORw0KGgoAAAANSUhEUgAABCwAAAJEAQMAAADnqyfeAAAAA1BMVEWurq51dlI4AAAAAXRSTlMmkutdmwAAAG9JREFUeNrswYEAAAAAgKD9qRepAgAAAAAAAAAAAAAAAAAAAAAAAAAAAAAAAAAAAAAAAAAAAAAAAAAAAAAAAAAAAAAAAAAAAAAAAAAAAADg9uCQAAAAAEDQ\/9fOsAAAAAAAAAAAAAAAAAAAAAAAsAox6wABwRHV3QAAAABJRU5ErkJggg==\" data-type=\"image_tag\" data-img-url=\"https:\/\/mrva.si\/wp-content\/uploads\/2021\/11\/mrva__lana_katarina_gotvan.jpg\"  title=\"Lana Katarina Gotvan\" alt=\"Lana Katarina Gotvan\" width=\"800\" height=\"800\"><\/div><\/div><\/div><\/div><div class=\"vc_column tdi_9  wpb_column vc_column_container tdc-column td-pb-span6\">\n<style scoped>\n\/* custom css - generated by TagDiv Composer *\/\n\n\/* custom css - generated by TagDiv Composer *\/\n.tdi_9{\r\n                    vertical-align: baseline;\r\n                }.tdi_9 > .wpb_wrapper,\r\n\t\t\t\t.tdi_9 > .wpb_wrapper > .tdc-elements{\r\n\t\t\t\t    display: flex;\r\n\t\t\t\t\r\n\t\t\t\t    flex-direction: column;\r\n\t\t\t\t\r\n\t\t\t\t    flex-wrap: nowrap;\r\n\t\t\t\t\r\n\t\t\t\t    justify-content: flex-start;\r\n\t\t\t\t\r\n\t\t\t\t    align-items: flex-start;\r\n\t\t\t\t}.tdi_9 > .wpb_wrapper > .tdc-elements{\r\n\t\t\t\t    width: 100%;\r\n\t\t\t\t}.tdi_9 > .wpb_wrapper > .vc_row_inner{\r\n\t\t\t\t    width: auto;\r\n\t\t\t\t}.tdi_9 > .wpb_wrapper{\r\n\t\t\t\t    width: 100%;\r\n\t\t\t\t    height: 100%;\r\n\t\t\t\t}\n\n\/* portrait *\/\n@media (min-width: 768px) and (max-width: 1018px){\ndiv.tdi_9{\r\n\t\t\t\t    width: 100% !important;\r\n\t\t\t\t}\n}\n\/* inline tdc_css att - generated by TagDiv Composer *\/\n\n.tdi_9{\npadding-right:40px !important;\npadding-left:40px !important;\n}\n\n\/* phone *\/\n@media (max-width: 767px)\n{\n.tdi_9{\npadding-right:0px !important;\npadding-left:0px !important;\n}\n}\n\n\/* portrait *\/\n@media (min-width: 768px) and (max-width: 1018px)\n{\n.tdi_9{\nmargin-top:25px !important;\npadding-right:20px !important;\npadding-left:14px !important;\n}\n}\n\n<\/style><div class=\"wpb_wrapper\" ><div class=\"td_block_wrap td_block_title tdi_10 td-pb-border-top mrva__ose_title td_block_template_10 td-fix-index\"  data-td-block-uid=\"tdi_10\" >\n<style>\n.td_block_template_10.widget > ul > li {\r\n                margin-left: 0 !important;\r\n            }\r\n            .td_block_template_10 .td-block-title {\r\n                font-size: 17px;\r\n                font-weight: 500;\r\n                margin-top: -10px;\r\n                margin-bottom: 24px;\r\n                line-height: 37px;\r\n                padding: 0;\r\n                position: relative;\r\n                text-align: left;\r\n            }\r\n            .td_block_template_10 .td-block-title:before {\r\n                content: '';\r\n                width: 100%;\r\n                height: 3px;\r\n                position: absolute;\r\n                top: 100%;\r\n                left: 0;\r\n                background-color: var(--td_header_color, #f5f5f5);\r\n            }\r\n            .td_block_template_10 .td-block-title > * {\r\n                color: var(--td_text_header_color, #000);\r\n            }\r\n            .td_block_template_10 .td-subcat-filter {\r\n                line-height: 37px;\r\n                display: table;\r\n            }\r\n            .td_block_template_10 .td-subcat-dropdown {\r\n                line-height: 1;\r\n                position: static;\r\n            }\r\n            .td_block_template_10 .td-subcat-dropdown .td-subcat-more {\r\n                margin-bottom: 0 !important;\r\n            }\r\n            .td_block_template_10 .td-subcat-dropdown ul:after {\r\n                height: 3px !important;\r\n            }\r\n            .td_block_template_10 .td-related-title {\r\n                margin-top: 0 !important;\r\n            }\r\n            .td_block_template_10 .td-related-title a {\r\n                margin-right: 20px;\r\n            }\r\n            @media (max-width: 767px) {\r\n                .td_block_template_10 .td-related-title a {\r\n                    font-size: 15px;\r\n                }\r\n            }\r\n            .td_block_template_10 .td-related-title .td-cur-simple-item {\r\n                color: var(--td_theme_color, #4db2ec);\r\n            }\r\n            \r\n            \r\n            \r\n            .tdi_10 .td-block-title > * {\r\n                color: #aa9981 !important;\r\n            }\n\/* inline tdc_css att - generated by TagDiv Composer *\/\n\n.tdi_10{\nmargin-bottom:0px !important;\n}\n\n\/* phone *\/\n@media (max-width: 767px)\n{\n.tdi_10{\nmargin-top:15px !important;\n}\n}\n\n<\/style>\n<style>\n\/* custom css - generated by TagDiv Composer *\/\nbody .tdi_10 .td-block-title a,\r\n\t\t\t\tbody .tdi_10 .td-block-title span{\r\n\t\t\t\t\tfont-family:Montserrat !important;font-size:38px !important;line-height:48px !important;font-style:normal !important;font-weight:700 !important;text-transform:none !important;letter-spacing:0.03em !important;\r\n\t\t\t\t}\n\n\/* portrait *\/\n@media (min-width: 768px) and (max-width: 1018px){\nbody .tdi_10 .td-block-title a,\r\n\t\t\t\tbody .tdi_10 .td-block-title span{\r\n\t\t\t\t\tfont-size:30px !important;line-height:40px !important;\r\n\t\t\t\t}\n}\n\n\/* phone *\/\n@media (max-width: 767px){\nbody .tdi_10 .td-block-title a,\r\n\t\t\t\tbody .tdi_10 .td-block-title span{\r\n\t\t\t\t\tfont-size:25px !important;line-height:35px !important;\r\n\t\t\t\t}\n}\n<\/style><div class=\"td-block-title-wrap\"><h4 class=\"td-block-title\"><span class=\"td-pulldown-size\">Lana Katarina Gotvan, MJur (Universit\u00e4t Oxford)<\/span><\/h4><\/div><\/div><div class=\"tdm_block td_block_wrap tdm_block_inline_text tdi_11 td-pb-border-top td_block_template_10\"  data-td-block-uid=\"tdi_11\" >\n<style>\n\/* custom css - generated by TagDiv Composer *\/\n.tdm_block.tdm_block_inline_text{\r\n                  margin-bottom: 0;\r\n                  vertical-align: top;\r\n                }.tdm_block.tdm_block_inline_text .tdm-descr{\r\n                  margin-bottom: 0;\r\n                  -webkit-transform: translateZ(0);\r\n                  transform: translateZ(0);\r\n                }.tdc-row-content-vert-center .tdm-inline-text-yes{\r\n                  vertical-align: middle;\r\n                }.tdc-row-content-vert-bottom .tdm-inline-text-yes{\r\n                  vertical-align: bottom;\r\n                }.tdi_11{\r\n                    text-align: left !important;\r\n                }.tdi_11 .tdm-descr{\r\n                    color: #aa9981;\r\n                \r\n\t\t\t\t\tfont-family:Montserrat !important;font-size:15px !important;line-height:25px !important;letter-spacing:0.03em !important;\r\n\t\t\t\t}\n<\/style><p class=\"tdm-descr\">Rechtsreferendariat<\/p><\/div><div class=\"wpb_wrapper wpb_text_column td_block_wrap td_block_wrap vc_column_text tdi_12 mrva__ose_email_link tagdiv-type td-pb-border-top td_block_template_10\"  data-td-block-uid=\"tdi_12\" >\n<style>\n\n\/* inline tdc_css att - generated by TagDiv Composer *\/\n\n.tdi_12{\nmargin-top:5px !important;\nmargin-bottom:0px !important;\n}\n\n<\/style>\n<style>\n\/* custom css - generated by TagDiv Composer *\/\n.vc_column_text > .td-element-style{\r\n\t\t\t\t\tz-index: -1;\r\n\t\t\t\t}.tdi_12,\r\n                .tdi_12 p{\r\n\t\t\t        letter-spacing:0.03em !important;\r\n\t\t        }.tdi_12 a{\r\n\t\t\t        color: #002b4f;\r\n\t\t        }.tdi_12 a:hover{\r\n\t\t\t        color: #002b4f;\r\n\t\t        }\n<\/style><div class=\"td-fix-index\"><p><a href=\"mailto:lana.gotvan@mrva.si\">lana.gotvan@mrva.si<\/a><\/p>\n<\/div><\/div><div class=\"wpb_wrapper td_block_separator td_block_wrap vc_separator tdi_14  td_separator_solid td_separator_align_left\"><span style=\"border-color:#eeebe6;border-width:8px;width:10%;\"><\/span>\n<style scoped>\n\/* custom css - generated by TagDiv Composer *\/\n\n\/* custom css - generated by TagDiv Composer *\/\n.td_block_separator{\r\n                  width: 100%;\r\n                  align-items: center;\r\n                  margin-bottom: 38px;\r\n                  padding-bottom: 10px;\r\n                }.td_block_separator span{\r\n                  position: relative;\r\n                  display: block;\r\n                  margin: 0 auto;\r\n                  width: 100%;\r\n                  height: 1px;\r\n                  border-top: 1px solid #EBEBEB;\r\n                }.td_separator_align_left span{\r\n                  margin-left: 0;\r\n                }.td_separator_align_right span{\r\n                  margin-right: 0;\r\n                }.td_separator_dashed span{\r\n                  border-top-style: dashed;\r\n                }.td_separator_dotted span{\r\n                  border-top-style: dotted;\r\n                }.td_separator_double span{\r\n                  height: 3px;\r\n                  border-bottom: 1px solid #EBEBEB;\r\n                }.td_separator_shadow > span{\r\n                  position: relative;\r\n                  height: 20px;\r\n                  overflow: hidden;\r\n                  border: 0;\r\n                  color: #EBEBEB;\r\n                }.td_separator_shadow > span > span{\r\n                  position: absolute;\r\n                  top: -30px;\r\n                  left: 0;\r\n                  right: 0;\r\n                  margin: 0 auto;\r\n                  height: 13px;\r\n                  width: 98%;\r\n                  border-radius: 100%;\r\n                }html :where([style*='border-width']){\r\n                    border-style: none;\r\n                }\n\/* inline tdc_css att - generated by TagDiv Composer *\/\n\n.tdi_14{\nmargin-top:30px !important;\nmargin-bottom:0px !important;\n}\n\n<\/style><\/div><div class=\"wpb_wrapper wpb_text_column td_block_wrap td_block_wrap vc_column_text tdi_15  tagdiv-type td-pb-border-top td_block_template_10\"  data-td-block-uid=\"tdi_15\" >\n<style>\n\n\/* inline tdc_css att - generated by TagDiv Composer *\/\n\n.tdi_15{\nmargin-top:25px !important;\nmargin-bottom:5px !important;\n}\n\n<\/style>\n<style>\n\/* custom css - generated by TagDiv Composer *\/\n.tdi_15,\r\n                .tdi_15 p{\r\n\t\t\t        letter-spacing:0.03em !important;\r\n\t\t        }.tdi_15{\r\n\t\t\t        color: #002b4f;\r\n\t\t        }\n<\/style><div class=\"td-fix-index\"><p>Lana K. Gotvan schloss ihr Studium an der Juristischen Fakult\u00e4t der Universit\u00e4t Ljubljana im Jahr 2020 als eine der besten Studentinnen ihrer Generation ab. Anschlie\u00dfend absolvierte sie ein Masterstudium an der Universit\u00e4t Oxford, das sie mit Auszeichnung im Master Juris-Programm abschloss.<\/p>\n<p>Sie konzentriert sich auf Gesellschaftsrecht, geistiges Eigentum, Verhandlungen und Mediation.<\/p>\n<\/div><\/div><div class=\"wpb_wrapper wpb_text_column td_block_wrap td_block_wrap vc_column_text tdi_16 mrva__ose_text_title tagdiv-type td-pb-border-top td_block_template_10\"  data-td-block-uid=\"tdi_16\" >\n<style>\n\n\/* inline tdc_css att - generated by TagDiv Composer *\/\n\n.tdi_16{\nmargin-top:25px !important;\nmargin-bottom:5px !important;\n}\n\n<\/style>\n<style>\n\/* custom css - generated by TagDiv Composer *\/\n.tdi_16,\r\n                .tdi_16 p{\r\n\t\t\t        letter-spacing:0.03em !important;\r\n\t\t        }.tdi_16 h4{\r\n\t\t\t        letter-spacing:0.03em !important;\r\n\t\t        }.tdi_16{\r\n\t\t\t        color: #002b4f;\r\n\t\t        }.tdi_16 h1,\r\n\t\t\t\t.tdi_16 h2,\r\n\t\t\t\t.tdi_16 h3,\r\n\t\t\t\t.tdi_16 h4,\r\n\t\t\t\t.tdi_16 h5,\r\n\t\t\t\t.tdi_16 h6{\r\n\t\t\t        color: #002b4f;\r\n\t\t        }\n<\/style><div class=\"td-fix-index\"><h4>Bildung<\/h4>\n<ul>\n<li>2020-2021: Universit\u00e4t Oxford, Magister Juris, mit Pr\u00e4dikat<\/li>\n<li>2020-: Juristische Fakult\u00e4t, Universit\u00e4t Ljubljana, Master, Modul Wirtschaftsrecht<\/li>\n<li>2016-2020: Universit\u00e4t von Ljubljana, Juristische Fakult\u00e4t, Bachelor of Law (UN)<\/li>\n<\/ul>\n<\/div><\/div><div class=\"wpb_wrapper wpb_text_column td_block_wrap td_block_wrap vc_column_text tdi_17 mrva__ose_text_title tagdiv-type td-pb-border-top td_block_template_10\"  data-td-block-uid=\"tdi_17\" >\n<style>\n\n\/* inline tdc_css att - generated by TagDiv Composer *\/\n\n.tdi_17{\nmargin-top:25px !important;\nmargin-bottom:5px !important;\n}\n\n<\/style>\n<style>\n\/* custom css - generated by TagDiv Composer *\/\n.tdi_17,\r\n                .tdi_17 p{\r\n\t\t\t        letter-spacing:0.03em !important;\r\n\t\t        }.tdi_17 h4{\r\n\t\t\t        letter-spacing:0.03em !important;\r\n\t\t        }.tdi_17{\r\n\t\t\t        color: #002b4f;\r\n\t\t        }.tdi_17 h1,\r\n\t\t\t\t.tdi_17 h2,\r\n\t\t\t\t.tdi_17 h3,\r\n\t\t\t\t.tdi_17 h4,\r\n\t\t\t\t.tdi_17 h5,\r\n\t\t\t\t.tdi_17 h6{\r\n\t\t\t        color: #002b4f;\r\n\t\t        }\n<\/style><div class=\"td-fix-index\"><h4>Sprachen<\/h4>\n<ul>\n<li>Englisch<\/li>\n<li>Deutsch<\/li>\n<li>Franz\u00f6sisch<\/li>\n<\/ul>\n<\/div><\/div><div class=\"wpb_wrapper wpb_text_column td_block_wrap td_block_wrap vc_column_text tdi_18 mrva__ose_text_title tagdiv-type td-pb-border-top td_block_template_10\"  data-td-block-uid=\"tdi_18\" >\n<style>\n\n\/* inline tdc_css att - generated by TagDiv Composer *\/\n\n.tdi_18{\nmargin-top:25px !important;\nmargin-bottom:5px !important;\n}\n\n<\/style>\n<style>\n\/* custom css - generated by TagDiv Composer *\/\n.tdi_18,\r\n                .tdi_18 p{\r\n\t\t\t        letter-spacing:0.03em !important;\r\n\t\t        }.tdi_18 h4{\r\n\t\t\t        letter-spacing:0.03em !important;\r\n\t\t        }.tdi_18{\r\n\t\t\t        color: #002b4f;\r\n\t\t        }.tdi_18 h1,\r\n\t\t\t\t.tdi_18 h2,\r\n\t\t\t\t.tdi_18 h3,\r\n\t\t\t\t.tdi_18 h4,\r\n\t\t\t\t.tdi_18 h5,\r\n\t\t\t\t.tdi_18 h6{\r\n\t\t\t        color: #002b4f;\r\n\t\t        }\n<\/style><div class=\"td-fix-index\"><h4>Ver\u00f6ffentlichungen<\/h4>\n<ul>\n<li>Die Bedeutung menschlicher Werte, in Ekoni oder humani: die Werte junger Menschen in Slowenien, Litteralis (M\u00e4rz 2021)<\/li>\n<li>Die Verordnung der Europ\u00e4ischen Union f\u00fcr Nicht-EU-Mitgliedstaaten, B\u00fcrger und Unternehmen &#8211; Mitherausgeber (M\u00e4rz 2020)<\/li>\n<li>Die Regulierung von Offshorisierung, Kryptow\u00e4hrungen und Schattenbanken in der EU (M\u00e4rz 2020)<\/li>\n<li>Die Folgen der Offshorisierung und wie sie beseitigt werden k\u00f6nnen (November 2019)<\/li>\n<li>Slowenische Infrastrukturprojekte f\u00fcr die Zukunft &#8211; Mitherausgeber (April 2019)<\/li>\n<\/ul>\n<\/div><\/div><\/div><\/div><\/div><\/div><\/div><\/div>","protected":false},"excerpt":{"rendered":"","protected":false},"author":1,"featured_media":0,"parent":1414,"menu_order":0,"comment_status":"closed","ping_status":"closed","template":"","meta":{"footnotes":""},"class_list":["post-1429","page","type-page","status-publish"],"_links":{"self":[{"href":"https:\/\/mrva.si\/de\/wp-json\/wp\/v2\/pages\/1429","targetHints":{"allow":["GET"]}}],"collection":[{"href":"https:\/\/mrva.si\/de\/wp-json\/wp\/v2\/pages"}],"about":[{"href":"https:\/\/mrva.si\/de\/wp-json\/wp\/v2\/types\/page"}],"author":[{"embeddable":true,"href":"https:\/\/mrva.si\/de\/wp-json\/wp\/v2\/users\/1"}],"replies":[{"embeddable":true,"href":"https:\/\/mrva.si\/de\/wp-json\/wp\/v2\/comments?post=1429"}],"version-history":[{"count":3,"href":"https:\/\/mrva.si\/de\/wp-json\/wp\/v2\/pages\/1429\/revisions"}],"predecessor-version":[{"id":1432,"href":"https:\/\/mrva.si\/de\/wp-json\/wp\/v2\/pages\/1429\/revisions\/1432"}],"up":[{"embeddable":true,"href":"https:\/\/mrva.si\/de\/wp-json\/wp\/v2\/pages\/1414"}],"wp:attachment":[{"href":"https:\/\/mrva.si\/de\/wp-json\/wp\/v2\/media?parent=1429"}],"curies":[{"name":"wp","href":"https:\/\/api.w.org\/{rel}","templated":true}]}}