{"id":1442,"date":"2021-12-04T23:07:32","date_gmt":"2021-12-04T22:07:32","guid":{"rendered":"https:\/\/mrva.si\/praxisfelder\/steuern-steuern\/"},"modified":"2021-12-04T23:39:32","modified_gmt":"2021-12-04T22:39:32","slug":"steuern","status":"publish","type":"page","link":"https:\/\/mrva.si\/de\/praxisfelder\/steuern\/","title":{"rendered":"Steuern"},"content":{"rendered":"<div id=\"tdi_1\" class=\"tdc-zone\"><div class=\"tdc_zone tdi_2  wpb_row td-pb-row\"  >\n<style scoped>\n\/* custom css - generated by TagDiv Composer *\/\n\n\/* custom css - generated by TagDiv Composer *\/\n.tdi_2{\r\n                    min-height: 0;\r\n                }\n<\/style><div id=\"tdi_3\" class=\"tdc-row stretch_row_1400 td-stretch-content\"><div class=\"vc_row tdi_4  wpb_row td-pb-row\" >\n<style scoped>\n\/* custom css - generated by TagDiv Composer *\/\n\n\/* custom css - generated by TagDiv Composer *\/\n.tdi_4,\r\n                .tdi_4 .tdc-columns{\r\n                    min-height: 0;\r\n                }.tdi_4,\r\n\t\t\t\t.tdi_4 .tdc-columns{\r\n\t\t\t\t    display: block;\r\n\t\t\t\t}.tdi_4 .tdc-columns{\r\n\t\t\t\t    width: 100%;\r\n\t\t\t\t}.tdi_4:before,\r\n\t\t\t\t.tdi_4:after{\r\n\t\t\t\t    display: table;\r\n\t\t\t\t}\n\n\/* portrait *\/\n@media (min-width: 768px) and (max-width: 1018px){\n.tdi_4,\r\n\t\t\t\t.tdi_4 .tdc-columns{\r\n\t\t\t\t    display: flex;\r\n\t\t\t\t\r\n\t\t\t\t    flex-direction: column;\r\n\t\t\t\t\r\n\t\t\t\t    flex-wrap: nowrap;\r\n\t\t\t\t\r\n\t\t\t\t    justify-content: flex-start;\r\n\t\t\t\t\r\n\t\t\t\t    align-items: flex-start;\r\n\t\t\t\t}.tdi_4 .tdc-columns{\r\n\t\t\t\t    width: 100%;\r\n\t\t\t\t}.tdi_4:before,\r\n\t\t\t\t.tdi_4:after{\r\n\t\t\t\t    display: none;\r\n\t\t\t\t}\n}\n\/* inline tdc_css att - generated by TagDiv Composer *\/\n\n.tdi_4{\npadding-right:50px !important;\npadding-left:50px !important;\n}\n\n.tdi_4 .td_block_wrap{ text-align:left }\n\n\/* phone *\/\n@media (max-width: 767px)\n{\n.tdi_4{\npadding-right:0px !important;\npadding-left:0px !important;\n}\n}\n\n\/* portrait *\/\n@media (min-width: 768px) and (max-width: 1018px)\n{\n.tdi_4{\npadding-right:40px !important;\npadding-left:40px !important;\n}\n}\n\n<\/style><div class=\"vc_column tdi_6  wpb_column vc_column_container tdc-column td-pb-span3\">\n<style scoped>\n\/* custom css - generated by TagDiv Composer *\/\n\n\/* custom css - generated by TagDiv Composer *\/\n.tdi_6{\r\n                    vertical-align: baseline;\r\n                }.tdi_6 > .wpb_wrapper,\r\n\t\t\t\t.tdi_6 > .wpb_wrapper > .tdc-elements{\r\n\t\t\t\t    display: block;\r\n\t\t\t\t}.tdi_6 > .wpb_wrapper > .tdc-elements{\r\n\t\t\t\t    width: 100%;\r\n\t\t\t\t}.tdi_6 > .wpb_wrapper > .vc_row_inner{\r\n\t\t\t\t    width: auto;\r\n\t\t\t\t}.tdi_6 > .wpb_wrapper{\r\n\t\t\t\t    width: auto;\r\n\t\t\t\t    height: auto;\r\n\t\t\t\t}\n<\/style><div class=\"wpb_wrapper\" ><\/div><\/div><div class=\"vc_column tdi_8  wpb_column vc_column_container tdc-column td-pb-span9\">\n<style scoped>\n\/* custom css - generated by TagDiv Composer *\/\n\n\/* custom css - generated by TagDiv Composer *\/\n.tdi_8{\r\n                    vertical-align: baseline;\r\n                }.tdi_8 > .wpb_wrapper,\r\n\t\t\t\t.tdi_8 > .wpb_wrapper > .tdc-elements{\r\n\t\t\t\t    display: block;\r\n\t\t\t\t}.tdi_8 > .wpb_wrapper > .tdc-elements{\r\n\t\t\t\t    width: 100%;\r\n\t\t\t\t}.tdi_8 > .wpb_wrapper > .vc_row_inner{\r\n\t\t\t\t    width: auto;\r\n\t\t\t\t}.tdi_8 > .wpb_wrapper{\r\n\t\t\t\t    width: auto;\r\n\t\t\t\t    height: auto;\r\n\t\t\t\t}\n<\/style><div class=\"wpb_wrapper\" ><div class=\"wpb_wrapper wpb_text_column td_block_wrap td_block_wrap vc_column_text tdi_9  tagdiv-type td-pb-border-top td_block_template_10\"  data-td-block-uid=\"tdi_9\" >\n<style>\n\n\/* inline tdc_css att - generated by TagDiv Composer *\/\n\n.tdi_9{\nmargin-top:80px !important;\nmargin-bottom:50px !important;\n}\n\n\/* portrait *\/\n@media (min-width: 768px) and (max-width: 1018px)\n{\n.tdi_9{\nmargin-top:40px !important;\nmargin-bottom:40px !important;\n}\n}\n\n\/* phone *\/\n@media (max-width: 767px)\n{\n.tdi_9{\nmargin-top:10px !important;\nmargin-bottom:35px !important;\n}\n}\n\n<\/style>\n<style>\n\/* custom css - generated by TagDiv Composer *\/\n.vc_column_text > .td-element-style{\r\n\t\t\t\t\tz-index: -1;\r\n\t\t\t\t}.tdi_9 h1{\r\n\t\t\t        letter-spacing:0.03em !important;\r\n\t\t        }.tdi_9 h1,\r\n\t\t\t\t.tdi_9 h2,\r\n\t\t\t\t.tdi_9 h3,\r\n\t\t\t\t.tdi_9 h4,\r\n\t\t\t\t.tdi_9 h5,\r\n\t\t\t\t.tdi_9 h6{\r\n\t\t\t        color: #988a73;\r\n\t\t        }\n\n\/* portrait *\/\n@media (min-width: 768px) and (max-width: 1018px){\n.tdi_9 h1{\r\n\t\t\t        font-size:45px !important;line-height:55px !important;\r\n\t\t        }\n}\n\n\/* phone *\/\n@media (max-width: 767px){\n.tdi_9 h1{\r\n\t\t\t        font-size:45px !important;line-height:55px !important;\r\n\t\t        }\n}\n<\/style><div class=\"td-fix-index\"><h1>Praxisfelder<\/h1>\n<\/div><\/div><\/div><\/div><\/div><\/div><div id=\"tdi_10\" class=\"tdc-row stretch_row_1400 td-stretch-content\"><div class=\"vc_row tdi_11  wpb_row td-pb-row\" >\n<style scoped>\n\/* custom css - generated by TagDiv Composer *\/\n\n\/* custom css - generated by TagDiv Composer *\/\n.tdi_11,\r\n                .tdi_11 .tdc-columns{\r\n                    min-height: 0;\r\n                }.tdi_11,\r\n\t\t\t\t.tdi_11 .tdc-columns{\r\n\t\t\t\t    display: block;\r\n\t\t\t\t}.tdi_11 .tdc-columns{\r\n\t\t\t\t    width: 100%;\r\n\t\t\t\t}.tdi_11:before,\r\n\t\t\t\t.tdi_11:after{\r\n\t\t\t\t    display: table;\r\n\t\t\t\t}\n\n\/* portrait *\/\n@media (min-width: 768px) and (max-width: 1018px){\n#tdi_10{\r\n\t\t\t\t    max-width: 100% !important;\r\n\t\t\t\t}\n}\n\/* inline tdc_css att - generated by TagDiv Composer *\/\n\n.tdi_11{\npadding-right:50px !important;\npadding-left:50px !important;\n}\n\n.tdi_11 .td_block_wrap{ text-align:left }\n\n\/* phone *\/\n@media (max-width: 767px)\n{\n.tdi_11{\npadding-right:0px !important;\npadding-left:0px !important;\n}\n}\n\n\/* portrait *\/\n@media (min-width: 768px) and (max-width: 1018px)\n{\n.tdi_11{\npadding-right:40px !important;\npadding-left:40px !important;\n}\n}\n\n<\/style><div class=\"vc_column tdi_13  wpb_column vc_column_container tdc-column td-pb-span3\">\n<style scoped>\n\/* custom css - generated by TagDiv Composer *\/\n\n\/* custom css - generated by TagDiv Composer *\/\n.tdi_13{\r\n                    vertical-align: baseline;\r\n                }.tdi_13 > .wpb_wrapper,\r\n\t\t\t\t.tdi_13 > .wpb_wrapper > .tdc-elements{\r\n\t\t\t\t    display: block;\r\n\t\t\t\t}.tdi_13 > .wpb_wrapper > .tdc-elements{\r\n\t\t\t\t    width: 100%;\r\n\t\t\t\t}.tdi_13 > .wpb_wrapper > .vc_row_inner{\r\n\t\t\t\t    width: auto;\r\n\t\t\t\t}.tdi_13 > .wpb_wrapper{\r\n\t\t\t\t    width: auto;\r\n\t\t\t\t    height: auto;\r\n\t\t\t\t}\n\n\/* portrait *\/\n@media (min-width: 768px) and (max-width: 1018px){\n.tdi_13 > .wpb_wrapper,\r\n\t\t\t\t.tdi_13 > .wpb_wrapper > .tdc-elements{\r\n\t\t\t\t    display: flex;\r\n\t\t\t\t\r\n\t\t\t\t    flex-direction: column;\r\n\t\t\t\t\r\n\t\t\t\t    flex-wrap: nowrap;\r\n\t\t\t\t\r\n\t\t\t\t    justify-content: flex-start;\r\n\t\t\t\t\r\n\t\t\t\t    align-items: flex-start;\r\n\t\t\t\t}.tdi_13 > .wpb_wrapper > .tdc-elements{\r\n\t\t\t\t    width: 100%;\r\n\t\t\t\t}.tdi_13 > .wpb_wrapper > .vc_row_inner{\r\n\t\t\t\t    width: auto;\r\n\t\t\t\t}.tdi_13 > .wpb_wrapper{\r\n\t\t\t\t    width: 100%;\r\n\t\t\t\t    height: 100%;\r\n\t\t\t\t}div.tdi_13{\r\n\t\t\t\t    width: 100% !important;\r\n\t\t\t\t}\n}\n<\/style><div class=\"wpb_wrapper\" ><div class=\"wpb_wrapper wpb_text_column td_block_wrap td_block_wrap vc_column_text tdi_14 mrva__gos_pravo tagdiv-type td-pb-border-top td_block_template_10\"  data-td-block-uid=\"tdi_14\" >\n<style>\n\n\/* inline tdc_css att - generated by TagDiv Composer *\/\n\n.tdi_14{\nmargin-top:5px !important;\nmargin-bottom:0px !important;\n}\n\n<\/style>\n<style>\n\/* custom css - generated by TagDiv Composer *\/\n.tdi_14 h4{\r\n\t\t\t        font-size:23px !important;letter-spacing:0.03em !important;\r\n\t\t        }.tdi_14 h1,\r\n\t\t\t\t.tdi_14 h2,\r\n\t\t\t\t.tdi_14 h3,\r\n\t\t\t\t.tdi_14 h4,\r\n\t\t\t\t.tdi_14 h5,\r\n\t\t\t\t.tdi_14 h6{\r\n\t\t\t        color: #002b4f;\r\n\t\t        }\n<\/style><div class=\"td-fix-index\"><h4>Wirtschaftsrecht<\/h4>\n<\/div><\/div><div class=\"td_block_wrap td_block_list_menu tdi_15 td-blm-display-vertical td-pb-border-top td_block_template_10 widget\"  data-td-block-uid=\"tdi_15\" >\n<style>\n\/* custom css - generated by TagDiv Composer *\/\n.td_block_list_menu ul{\r\n                  flex-wrap: wrap;\r\n                  margin-left: 12px;\r\n                }.td_block_list_menu ul li{\r\n\t\t\t\t\tmargin-left: 0;\r\n\t\t\t\t}.td_block_list_menu ul li a{\r\n\t\t\t\t\tdisplay: flex;\r\n                  \tmargin-left: 0;\r\n                }.td_block_list_menu .td-blm-menu-item-txt{\r\n\t\t\t\t\tdisplay: flex;\r\n\t\t\t\t\talign-items: center;\r\n\t\t\t\t\tflex-grow: 1;\r\n\t\t\t\t}.td_block_list_menu .list-sub-menu{\r\n                  padding-left: 22px;\r\n                }.td_block_list_menu .list-sub-menu li{\r\n                  font-size: 13px;\r\n                }.td_block_list_menu li.current-menu-item > a,\r\n\t\t\t\t.td_block_list_menu li.current-menu-ancestor > a,\r\n\t\t\t\t.td_block_list_menu li.current-category-ancestor > a,\r\n\t\t\t\t.td_block_list_menu li.current-page-ancestor > a{\r\n\t\t\t\t    color: var(--td_theme_color, #4db2ec);\r\n\t\t\t\t}.td_block_list_menu .td-blm-sub-icon{\r\n\t\t\t\t\tdisplay: flex;\r\n\t\t\t\t\talign-items: center;\r\n\t\t\t\t\tjustify-content: center;\r\n\t\t\t\t\tmargin-left: .6em;\r\n\t\t\t\t\tpadding: 0 .6em;\r\n\t\t\t\t\ttransition: transform .2s ease-in-out;\r\n\t\t\t\t}.td_block_list_menu .td-blm-sub-icon svg{\r\n\t\t\t\t\tdisplay: block;\r\n\t\t\t\t\twidth: 1em;\r\n\t\t\t\t\theight: auto;\r\n\t\t\t\t}.td_block_list_menu .td-blm-sub-icon svg,\r\n\t\t\t\t.td_block_list_menu .td-blm-sub-icon svg *{\r\n\t\t\t\t\tfill: currentColor;\r\n\t\t\t\t}.td_block_list_menu.td-blm-display-accordion .menu-item-has-children ul{\r\n\t\t\t\t\tdisplay: none;\r\n\t\t\t\t}.td_block_list_menu.td-blm-display-accordion .menu-item-has-children-open > a > .td-blm-sub-icon{\r\n\t\t\t\t\ttransform: rotate(180deg);\r\n\t\t\t\t}.td_block_list_menu.td-blm-display-horizontal ul{\r\n\t\t\t\t\tdisplay: flex;\r\n\t\t\t\t}body .tdi_15 ul{\r\n\t\t\t\t\ttext-align: left;\r\n\t\t\t\t\tjustify-content: flex-start;\r\n\t\t\t\t\r\n\t\t\t\t\tmargin: 10px 0 10px 0;\r\n\t\t\t\t}body .tdi_15 ul li a{\r\n\t\t\t\t\tjustify-content: flex-start;\r\n\t\t\t\t}body .tdi_15 .td-blm-menu-item-txt{\r\n\t\t\t\t\tflex-grow: 1;\r\n\t\t\t\t}body .tdi_15 ul li{\r\n\t\t\t\t\tmargin-bottom: 10px;\r\n\t\t\t\t}body .tdi_15 ul li:last-child{\r\n\t\t\t\t\tmargin-bottom: 0;\r\n\t\t\t\t}body .tdi_15 a,\r\n\t\t\t\tbody .tdi_15 .td-blm-sub-icon{\r\n\t\t\t\t\tcolor: #aa9981;\r\n\t\t\t\t}body .tdi_15 li.current-menu-item > a,\r\n\t\t\t\tbody .tdi_15 li.current-menu-ancestor > a,\r\n\t\t\t\tbody .tdi_15 li.current-category-ancestor > a,\r\n\t\t\t\tbody .tdi_15 li.current-page-ancestor > a,\r\n\t\t\t\tbody .tdi_15 a:hover,\r\n\t\t\t\tbody .tdi_15 li.current-menu-item > a > .td-blm-sub-icon,\r\n\t\t\t\tbody .tdi_15 li.current-menu-ancestor > a > .td-blm-sub-icon,\r\n\t\t\t\tbody .tdi_15 li.current-category-ancestor > a > .td-blm-sub-icon,\r\n\t\t\t\tbody .tdi_15 li.current-page-ancestor > a > .td-blm-sub-icon,\r\n\t\t\t\tbody .tdi_15 a:hover > .td-blm-sub-icon{\r\n\t\t\t\t\tcolor: #aa9981;\r\n\t\t\t\t}body .tdi_15 li{\r\n\t\t\t\t\tfont-family:Montserrat !important;font-size:15px !important;line-height:25px !important;font-style:normal !important;font-weight:700 !important;text-transform:none !important;letter-spacing:0.03em !important;\r\n\t\t\t\t}\n<\/style><div class=\"td-block-title-wrap\"><\/div><div id=tdi_15 class=\"td_block_inner td-fix-index\"><div class=\"menu-wirtschaftsrecht-container\"><ul id=\"menu-wirtschaftsrecht\" class=\"menu\"><li id=\"menu-item-1459\" class=\"menu-item menu-item-type-post_type menu-item-object-page menu-item-1459\"><a href=\"https:\/\/mrva.si\/de\/praxisfelder\/handelsvertraege\/\"><span class=\"td-blm-menu-item-txt\">Handelsvertr\u00e4ge<\/span><\/a><\/li>\n<li id=\"menu-item-1460\" class=\"menu-item menu-item-type-post_type menu-item-object-page menu-item-1460\"><a href=\"https:\/\/mrva.si\/de\/praxisfelder\/einhaltung\/\"><span class=\"td-blm-menu-item-txt\">Einhaltung<\/span><\/a><\/li>\n<li id=\"menu-item-1461\" class=\"menu-item menu-item-type-post_type menu-item-object-page menu-item-1461\"><a href=\"https:\/\/mrva.si\/de\/praxisfelder\/eintritt-in-den-slowenischen-markt\/\"><span class=\"td-blm-menu-item-txt\">Eintritt in den slowenischen Markt<\/span><\/a><\/li>\n<\/ul><\/div><\/div><\/div><div class=\"wpb_wrapper wpb_text_column td_block_wrap td_block_wrap vc_column_text tdi_16 mrva__gos_pravo tagdiv-type td-pb-border-top td_block_template_10\"  data-td-block-uid=\"tdi_16\" >\n<style>\n\n\/* inline tdc_css att - generated by TagDiv Composer *\/\n\n.tdi_16{\nmargin-bottom:0px !important;\n}\n\n<\/style>\n<style>\n\/* custom css - generated by TagDiv Composer *\/\n.tdi_16 h4{\r\n\t\t\t        font-size:23px !important;letter-spacing:0.03em !important;\r\n\t\t        }.tdi_16 h1,\r\n\t\t\t\t.tdi_16 h2,\r\n\t\t\t\t.tdi_16 h3,\r\n\t\t\t\t.tdi_16 h4,\r\n\t\t\t\t.tdi_16 h5,\r\n\t\t\t\t.tdi_16 h6{\r\n\t\t\t        color: #002b4f;\r\n\t\t        }\n<\/style><div class=\"td-fix-index\"><h4>Immobilien<\/h4>\n<\/div><\/div><div class=\"td_block_wrap td_block_list_menu tdi_17 td-blm-display-vertical td-pb-border-top td_block_template_10 widget\"  data-td-block-uid=\"tdi_17\" >\n<style>\n\/* custom css - generated by TagDiv Composer *\/\nbody .tdi_17 ul{\r\n\t\t\t\t\ttext-align: left;\r\n\t\t\t\t\tjustify-content: flex-start;\r\n\t\t\t\t\r\n\t\t\t\t\tmargin: 10px 0 10px 0;\r\n\t\t\t\t}body .tdi_17 ul li a{\r\n\t\t\t\t\tjustify-content: flex-start;\r\n\t\t\t\t}body .tdi_17 .td-blm-menu-item-txt{\r\n\t\t\t\t\tflex-grow: 1;\r\n\t\t\t\t}body .tdi_17 ul li{\r\n\t\t\t\t\tmargin-bottom: 10px;\r\n\t\t\t\t}body .tdi_17 ul li:last-child{\r\n\t\t\t\t\tmargin-bottom: 0;\r\n\t\t\t\t}body .tdi_17 a,\r\n\t\t\t\tbody .tdi_17 .td-blm-sub-icon{\r\n\t\t\t\t\tcolor: #aa9981;\r\n\t\t\t\t}body .tdi_17 li.current-menu-item > a,\r\n\t\t\t\tbody .tdi_17 li.current-menu-ancestor > a,\r\n\t\t\t\tbody .tdi_17 li.current-category-ancestor > a,\r\n\t\t\t\tbody .tdi_17 li.current-page-ancestor > a,\r\n\t\t\t\tbody .tdi_17 a:hover,\r\n\t\t\t\tbody .tdi_17 li.current-menu-item > a > .td-blm-sub-icon,\r\n\t\t\t\tbody .tdi_17 li.current-menu-ancestor > a > .td-blm-sub-icon,\r\n\t\t\t\tbody .tdi_17 li.current-category-ancestor > a > .td-blm-sub-icon,\r\n\t\t\t\tbody .tdi_17 li.current-page-ancestor > a > .td-blm-sub-icon,\r\n\t\t\t\tbody .tdi_17 a:hover > .td-blm-sub-icon{\r\n\t\t\t\t\tcolor: #aa9981;\r\n\t\t\t\t}body .tdi_17 li{\r\n\t\t\t\t\tfont-family:Montserrat !important;font-size:15px !important;line-height:25px !important;font-style:normal !important;font-weight:700 !important;text-transform:none !important;letter-spacing:0.03em !important;\r\n\t\t\t\t}\n<\/style><div class=\"td-block-title-wrap\"><\/div><div id=tdi_17 class=\"td_block_inner td-fix-index\"><div class=\"menu-immobilien-container\"><ul id=\"menu-immobilien\" class=\"menu\"><li id=\"menu-item-1446\" class=\"menu-item menu-item-type-post_type menu-item-object-page menu-item-1446\"><a href=\"https:\/\/mrva.si\/de\/praxisfelder\/immobilien-vertraege\/\"><span class=\"td-blm-menu-item-txt\">Immobilien-Vertr\u00e4ge<\/span><\/a><\/li>\n<li id=\"menu-item-1447\" class=\"menu-item menu-item-type-post_type menu-item-object-page menu-item-1447\"><a href=\"https:\/\/mrva.si\/de\/praxisfelder\/immobilienentwicklung\/\"><span class=\"td-blm-menu-item-txt\">Immobilienentwicklung<\/span><\/a><\/li>\n<li id=\"menu-item-1448\" class=\"menu-item menu-item-type-post_type menu-item-object-page menu-item-1448\"><a href=\"https:\/\/mrva.si\/de\/praxisfelder\/steuern\/\"><span class=\"td-blm-menu-item-txt\">Steuern<\/span><\/a><\/li>\n<\/ul><\/div><\/div><\/div><\/div><\/div><div class=\"vc_column tdi_19  wpb_column vc_column_container tdc-column td-pb-span9\">\n<style scoped>\n\/* custom css - generated by TagDiv Composer *\/\n\n\/* custom css - generated by TagDiv Composer *\/\n.tdi_19{\r\n                    vertical-align: baseline;\r\n                }.tdi_19 > .wpb_wrapper,\r\n\t\t\t\t.tdi_19 > .wpb_wrapper > .tdc-elements{\r\n\t\t\t\t    display: block;\r\n\t\t\t\t}.tdi_19 > .wpb_wrapper > .tdc-elements{\r\n\t\t\t\t    width: 100%;\r\n\t\t\t\t}.tdi_19 > .wpb_wrapper > .vc_row_inner{\r\n\t\t\t\t    width: auto;\r\n\t\t\t\t}.tdi_19 > .wpb_wrapper{\r\n\t\t\t\t    width: auto;\r\n\t\t\t\t    height: auto;\r\n\t\t\t\t}\n\n\/* portrait *\/\n@media (min-width: 768px) and (max-width: 1018px){\n.tdi_19 > .wpb_wrapper,\r\n\t\t\t\t.tdi_19 > .wpb_wrapper > .tdc-elements{\r\n\t\t\t\t    display: flex;\r\n\t\t\t\t\r\n\t\t\t\t    flex-direction: column;\r\n\t\t\t\t\r\n\t\t\t\t    flex-wrap: nowrap;\r\n\t\t\t\t\r\n\t\t\t\t    justify-content: flex-start;\r\n\t\t\t\t\r\n\t\t\t\t    align-items: flex-start;\r\n\t\t\t\t}.tdi_19 > .wpb_wrapper > .tdc-elements{\r\n\t\t\t\t    width: 100%;\r\n\t\t\t\t}.tdi_19 > .wpb_wrapper > .vc_row_inner{\r\n\t\t\t\t    width: auto;\r\n\t\t\t\t}.tdi_19 > .wpb_wrapper{\r\n\t\t\t\t    width: 100%;\r\n\t\t\t\t    height: 100%;\r\n\t\t\t\t}div.tdi_19{\r\n\t\t\t\t    width: 100% !important;\r\n\t\t\t\t}\n}\n<\/style><div class=\"wpb_wrapper\" ><div class=\"wpb_wrapper wpb_text_column td_block_wrap td_block_wrap vc_column_text tdi_20  tagdiv-type td-pb-border-top td_block_template_10\"  data-td-block-uid=\"tdi_20\" >\n<style>\n\n\/* inline tdc_css att - generated by TagDiv Composer *\/\n\n.tdi_20{\nmargin-bottom:0px !important;\n}\n\n\/* portrait *\/\n@media (min-width: 768px) and (max-width: 1018px)\n{\n.tdi_20{\nmargin-bottom:0px !important;\n}\n}\n\n<\/style>\n<style>\n\/* custom css - generated by TagDiv Composer *\/\n.tdi_20 h4{\r\n\t\t\t        letter-spacing:0.03em !important;\r\n\t\t        }.tdi_20 h1,\r\n\t\t\t\t.tdi_20 h2,\r\n\t\t\t\t.tdi_20 h3,\r\n\t\t\t\t.tdi_20 h4,\r\n\t\t\t\t.tdi_20 h5,\r\n\t\t\t\t.tdi_20 h6{\r\n\t\t\t        color: #002b4f;\r\n\t\t        }\n<\/style><div class=\"td-fix-index\"><h4>Steuern<\/h4>\n<\/div><\/div><div class=\"wpb_wrapper wpb_text_column td_block_wrap td_block_wrap vc_column_text tdi_21  tagdiv-type td-pb-border-top td_block_template_10\"  data-td-block-uid=\"tdi_21\" >\n<style>\n\n\/* inline tdc_css att - generated by TagDiv Composer *\/\n\n.tdi_21{\nmargin-top:30px !important;\nmargin-bottom:120px !important;\n}\n\n\/* portrait *\/\n@media (min-width: 768px) and (max-width: 1018px)\n{\n.tdi_21{\nmargin-top:5px !important;\nmargin-bottom:40px !important;\n}\n}\n\n\/* phone *\/\n@media (max-width: 767px)\n{\n.tdi_21{\nmargin-top:20px !important;\nmargin-bottom:60px !important;\n}\n}\n\n<\/style>\n<style>\n\/* custom css - generated by TagDiv Composer *\/\n.tdi_21,\r\n                .tdi_21 p{\r\n\t\t\t        font-size:15px !important;letter-spacing:0.03em !important;\r\n\t\t        }.tdi_21{\r\n\t\t\t        color: #002b4f;\r\n\t\t        }\n\n\/* phone *\/\n@media (max-width: 767px){\n.tdi_21 h5{\r\n\t\t\t        font-size:17px !important;line-height:27px !important;\r\n\t\t        }\n}\n<\/style><div class=\"td-fix-index\"><p>Die unsachgem\u00e4\u00dfe Durchf\u00fchrung eines Gesch\u00e4fts, sei es ein Kauf-, Miteigentums-, Bau- oder Erbschaftsverfahren, kann zu unn\u00f6tigen Steuerschulden f\u00fchren. Wir beraten unsere Kunden in Bezug auf die steuerlichen Aspekte von Immobilientransaktionen, erstellen Unterlagen in Steuerangelegenheiten und vertreten unsere Kunden in Steuerverfahren.<\/p>\n<p><strong>Erfahrung:<\/strong> Beratung von Privatpersonen und Unternehmen beim Verkauf von Immobilien aller Art, Strukturierung der Transaktion, rechtzeitige Regelung der Miteigent\u00fcmerverh\u00e4ltnisse, Bauen f\u00fcr den Markt, Abwicklung von Erbschaftsverfahren und Verkauf von Neubauten.<\/p>\n<\/div><\/div><\/div><\/div><\/div><\/div><\/div><\/div>","protected":false},"excerpt":{"rendered":"","protected":false},"author":1,"featured_media":0,"parent":1415,"menu_order":0,"comment_status":"closed","ping_status":"closed","template":"","meta":{"footnotes":""},"class_list":["post-1442","page","type-page","status-publish"],"_links":{"self":[{"href":"https:\/\/mrva.si\/de\/wp-json\/wp\/v2\/pages\/1442","targetHints":{"allow":["GET"]}}],"collection":[{"href":"https:\/\/mrva.si\/de\/wp-json\/wp\/v2\/pages"}],"about":[{"href":"https:\/\/mrva.si\/de\/wp-json\/wp\/v2\/types\/page"}],"author":[{"embeddable":true,"href":"https:\/\/mrva.si\/de\/wp-json\/wp\/v2\/users\/1"}],"replies":[{"embeddable":true,"href":"https:\/\/mrva.si\/de\/wp-json\/wp\/v2\/comments?post=1442"}],"version-history":[{"count":5,"href":"https:\/\/mrva.si\/de\/wp-json\/wp\/v2\/pages\/1442\/revisions"}],"predecessor-version":[{"id":1463,"href":"https:\/\/mrva.si\/de\/wp-json\/wp\/v2\/pages\/1442\/revisions\/1463"}],"up":[{"embeddable":true,"href":"https:\/\/mrva.si\/de\/wp-json\/wp\/v2\/pages\/1415"}],"wp:attachment":[{"href":"https:\/\/mrva.si\/de\/wp-json\/wp\/v2\/media?parent=1442"}],"curies":[{"name":"wp","href":"https:\/\/api.w.org\/{rel}","templated":true}]}}